{"id":354,"date":"2021-08-31T15:36:44","date_gmt":"2021-08-31T13:36:44","guid":{"rendered":"https:\/\/www.outsidetheclub.de\/?page_id=354"},"modified":"2021-09-01T10:33:50","modified_gmt":"2021-09-01T08:33:50","slug":"jobs","status":"publish","type":"page","link":"https:\/\/www.outsidetheclub.de\/en\/jobs\/","title":{"rendered":"Jobs"},"content":{"rendered":"<div class=\"wrap center\">\n<h2><span class=\"light\">Freelancer<\/span> gesucht<\/h2>\n<hr class=\"border-header-20\" \/>\n<p class=\"textblock\" style=\"margin-bottom:15px\">Als VFX-Studio sind wir immer auf der Suche nach kreativen Menschen, die uns auf unserer Reise begleiten m\u00f6chten. Dabei greift unser Stammteam regelm\u00e4\u00dfig auf unser Freelancer-Netzwerk zur\u00fcck, um bei aufwendigen Projekten schnell skalieren zu k\u00f6nnen und Spezialisten f\u00fcr die verschiedensten Bereiche zu haben.<\/p>\n<p class=\"textblock\" style=\"margin-bottom:15px\">Gerne m\u00f6chten wir unser Netzwerk mit Dir erweitern.<br \/>\nWir sind auf der Suche nach Freelancern in folgenden Positionen:<\/p>\n<ul class=\"servicesList\" style=\"margin-bottom:45px\">\n<li>3D Animator:in<\/li>\n<li>3D Generalist (Houdini)<\/li>\n<li>FX Artist (Houdini)<\/li>\n<li>Composting Artist (Nuke)<\/li>\n<li>Texturing Artist<\/li>\n<li>Motion Graphics Artist (After Effects)<\/li>\n<li>VFX Pipline (Vex, Pilot PDG, Python, Deadline)<\/li>\n<li>3D-Modelling<\/li>\n<li>Texturing\/Lookdev<\/li>\n<\/ul>\n<p class=\"textblock\" style=\"margin-bottom:15px\">Inhouse arbeiten wir mit folgender Software: Houdini, Nuke, Substance Suite, Adobe Suite, Redshift, Mantra.<\/p>\n<p class=\"textblock\" style=\"margin-bottom:15px\">Wenn wir Dich in unser Freelancer-Netzwerk aufnehmen d\u00fcrfen, meld dich gerne. Wir brauchen keine \u201eklassische\u201c Bewerbung. Schick uns doch am besten folgende Informationen \u00fcber Dich:<\/p>\n<ul class=\"servicesList\" style=\"margin-bottom:45px\">\n<li>Aktuelles Showreel<\/li>\n<li>Kurze Beschreibung deiner bevorzugten T\u00e4tigkeiten<\/li>\n<li>Bist Du Generalist oder Spezialist?<\/li>\n<li>Berufserfahrung<\/li>\n<li>Wohnort<\/li>\n<li>Verf\u00fcgbare eigene Hard- und Software<\/li>\n<li>\u00dcblicher Tagessatz<\/li>\n<\/ul>\n<p class=\"textblock\" style=\"margin-bottom:15px\">Egal ob Generalist oder Experte, ob Newcomer oder Senior-Artist: Wir sind immer auf der Suche nach talentierten Teammitgliedern und freuen uns auf Deine Nachricht!<\/p>\n<p class=\"textblock\" style=\"margin-bottom:5px\">Liebe Gr\u00fc\u00dfe aus dem Tal<\/p>\n<p class=\"textblock\">otc<\/p>\n<\/div>\n","protected":false},"excerpt":{"rendered":"<p>Freelancer gesucht Als VFX-Studio sind wir immer auf der Suche nach kreativen Menschen, die uns auf unserer Reise begleiten m\u00f6chten. Dabei greift unser Stammteam regelm\u00e4\u00dfig auf unser Freelancer-Netzwerk zur\u00fcck, um bei aufwendigen Projekten schnell skalieren zu k\u00f6nnen und Spezialisten f\u00fcr die verschiedensten Bereiche zu haben. Gerne m\u00f6chten wir unser Netzwerk mit Dir erweitern. Wir sind &hellip; <a href=\"https:\/\/www.outsidetheclub.de\/en\/jobs\/\" class=\"more-link\">Continue reading <span class=\"screen-reader-text\">Jobs<\/span><\/a><\/p>\n","protected":false},"author":1,"featured_media":0,"parent":0,"menu_order":0,"comment_status":"closed","ping_status":"closed","template":"","meta":{"footnotes":""},"class_list":["post-354","page","type-page","status-publish","hentry"],"_links":{"self":[{"href":"https:\/\/www.outsidetheclub.de\/en\/wp-json\/wp\/v2\/pages\/354","targetHints":{"allow":["GET"]}}],"collection":[{"href":"https:\/\/www.outsidetheclub.de\/en\/wp-json\/wp\/v2\/pages"}],"about":[{"href":"https:\/\/www.outsidetheclub.de\/en\/wp-json\/wp\/v2\/types\/page"}],"author":[{"embeddable":true,"href":"https:\/\/www.outsidetheclub.de\/en\/wp-json\/wp\/v2\/users\/1"}],"replies":[{"embeddable":true,"href":"https:\/\/www.outsidetheclub.de\/en\/wp-json\/wp\/v2\/comments?post=354"}],"version-history":[{"count":2,"href":"https:\/\/www.outsidetheclub.de\/en\/wp-json\/wp\/v2\/pages\/354\/revisions"}],"predecessor-version":[{"id":381,"href":"https:\/\/www.outsidetheclub.de\/en\/wp-json\/wp\/v2\/pages\/354\/revisions\/381"}],"wp:attachment":[{"href":"https:\/\/www.outsidetheclub.de\/en\/wp-json\/wp\/v2\/media?parent=354"}],"curies":[{"name":"wp","href":"https:\/\/api.w.org\/{rel}","templated":true}]}}